{"id":984,"date":"2025-04-18T09:08:37","date_gmt":"2025-04-18T09:08:37","guid":{"rendered":"https:\/\/www.hoteleauvive.be\/notre-restaurant\/"},"modified":"2026-03-27T14:22:46","modified_gmt":"2026-03-27T14:22:46","slug":"notre-restaurant","status":"publish","type":"page","link":"https:\/\/www.hoteleauvive.be\/fr\/notre-restaurant\/","title":{"rendered":"Notre restaurant"},"content":{"rendered":"<div class=\"wpb-content-wrapper\"><p>[vc_row full_width=\u00a0\u00bbstretch_row_content\u00a0\u00bb][vc_column]<div class=\"main-banner main-banner-sub \">\n    <div class=\"slider-holder\">\n        <div class=\"slider\">\n            <div class=\"slide\" style=\"background-image:url(https:\/\/www.hoteleauvive.be\/wp-content\/uploads\/2025\/04\/restaurant-header-1600x616.webp)\"><\/div>        <\/div>\n \n        <div class=\"container\">\n            <div class=\"row\">\n                <div class=\"col-lg-8\">\n                    <div>\n                        <div class=\"d-flex\" style=\"flex-direction: column;\">\n                            <h4>Des saveurs locales pr\u00e9par\u00e9es avec amour<\/h4>\n                            <h1>Notre restaurant<\/h1>\n\n                                                    <\/div>\n                    <\/div>\n                <\/div>\n\n                 \n            <\/div>\n        <\/div>\n    <\/div>\n\n    <\/div>\n\n<style>\n.main-banner { height:462px; }\n.main-banner .container { padding-bottom: 180px; }\n.main-banner h1 {\n    font-size: 96px;\n    line-height: 70px;\n    margin-top: -20px;\n    margin-bottom: 20px;\n}\nbody.home .main-banner h1 {\n    margin-bottom: 40px;\n}\n.main-banner small { font-size:60px; }\n.main-banner :is(h1, h2, h3, h4, p) { color:#F5EFE6; font-weight: 400; }\n.main-banner h4 { font-weight:bold; font-family: 'Nunito Sans'; font-size:18px; }\n\n.slider-holder { display: flex; align-items: flex-end; position:relative; max-height:100%; height:100%; }\n\n.book-picker { flex-direction: column; background:#fff; padding: 26px 32px; display:flex; gap: 15px; border-radius: 20px; }\n.book-picker > div { width:100%; display:flex; justify-content:center; }\n\n.book-sells { display:flex; gap: 10px; color:#F5EFE6; margin-top:15px; }\n.book-sells i { margin-right:10px; margin-left: 20px; }\n\n.col-restaurant {\n    background:#fff;\n    margin-bottom:0px;\n    border-radius: 20px;\n    padding: 25px; \n    display: none; \n}\n.col-restaurant h2 { font-size:28px; font-weight: 300; }\n\n@media (min-width: 720px) {\n    .main-banner { height:562px; }\n}\n@media (min-width: 992px) {\n    .main-banner { height:862px; }\n    .book-picker { flex-direction: row; justify-content:center; }\n}\n@media (min-width: 992px) {\n    .col-restaurant {\n        max-width: 313px;\n        float:right;\n        display: block;\n    }\n}\n@media (max-width: 720px) {\n    .main-banner h4 { line-height:100%; margin-bottom: 0px; margin-top: 100px; }\n    .main-banner h1 { font-size:40px; margin-top: 20px; margin-bottom: 20px; line-height:100%; }\n    .main-banner h1 small { font-size:30px; }\n    .main-banner.main-banner-booker .container { transform:none; }\n}\n\n.book-picker-mobile {\n    display: none;\n}\n\n@media (max-width: 991px) {\n    .book-picker-desktop {\n        display: none;\n    }\n\n    .book-picker-mobile {\n        display: block;\n    }\n}\n\n\n.slider {\n overflow: hidden;\n width: 100%;\n height: 100%;\n position: absolute;\n top:0px;\n left:0px;\n bottom:0px;\n right: 0px;\n}\n.slider .slide {\n position: absolute;\n top: 0;\n left: 0;\n width: 100%;\n height: 100%;\n border-radius: 20px;\n overflow: hidden;\n background-size: cover;\n background-position: center;\n }\n.slider .slide:nth-child(1) {\n   animation-delay: 0s;\n}\n@keyframes slider {\n 0%, 95%, 100% {\n   transform: translateX(0);\n   animation-timing-function: ease;\n }\n 100% {\n   transform: translateX(-100%);\n   animation-timing-function: step-end;\n }\n 95% {\n   transform: translateX(100%);\n   animation-timing-function: ease;\n }\n}\n<\/style>[\/vc_column][\/vc_row][vc_row][vc_column width=\u00a0\u00bb1\/2&Prime;][vc_empty_space height=\u00a0\u00bb35px\u00a0\u00bb][vc_column_text css=\u00a0\u00bb\u00a0\u00bb button_style=\u00a0\u00bbprimary\u00a0\u00bb button2_link=\u00a0\u00bburl:https%3A%2F%2Fwww.hoteleauvive.be%2Fwp-content%2Fuploads%2F2025%2F10%2FHotel-leauvive-menukaart-Diner-okt.pdf|title:Bekijk%20onze%20menukaart\u00a0\u00bb]Au restaurant de l\u2019h\u00f4tel L\u2019Eau Vive, vous d\u00e9gusterez une cuisine savoureuse et abordable, pr\u00e9par\u00e9e avec amour \u00e0 base de produits locaux et inspir\u00e9e de plats classiques. Que vous s\u00e9journiez \u00e0 l\u2019h\u00f4tel ou que vous veniez simplement d\u00eener, vous \u00eates les bienvenus dans notre chaleureuse salle \u00e0 manger ou, par beau temps, sur la terrasse \u00e0 l\u2019avant de l\u2019h\u00f4tel.<\/p>\n<p>Notre carte propose des plats pour tous les go\u00fbts : du classique carpaccio aux langoustines \u00e0 l\u2019ail en passant par la tomate mozzarella ou la terrine maison. Pour le plat principal, choisissez, par exemple, une truite des Halleux (meuni\u00e8re ou aux amandes), des tagliatelles au pesto de pistaches et aux crevettes ou un d\u00e9licieux steak du Limousin, une viande 100 % locale s\u00e9lectionn\u00e9e par le boucher du coin. Nos desserts sont tout aussi vari\u00e9s : une onctueuse panna cotta ou un fondant au chocolat, par exemple, \u00e0 moins que vous ne pr\u00e9f\u00e9riez une s\u00e9lection de fromages belges comme, entre autres, les fromages de ch\u00e8vre de la Chiquetterie.[\/vc_column_text][\/vc_column][\/vc_row][vc_row][vc_column][vc_empty_space]\n<div class=\"vc-quote overlay \" >\n    <div class=\"vc-fancy-inner\">\n                    <div class=\"image\">\n                <img decoding=\"async\" src=\"https:\/\/www.hoteleauvive.be\/wp-content\/uploads\/2025\/05\/laurence-1.webp\" alt=\"\">\n            <\/div>\n        \n        <div class=\"content\">\n                            <h2>Chaque jour, nous cuisinons des produits de saison. Mais les ingr\u00e9dients les plus importants sont : le temps, le soin et un peu d\u2019amour<\/h2>\n            \n                            <p><b>Laurence <\/b> | Chef \u00e0 l\u2019h\u00f4tel L\u2019Eau Vive<\/p>\n                    <\/div>\n    <\/div>\n<\/div>\n[\/vc_column][\/vc_row][vc_row][vc_column][vc_gallery type=\u00a0\u00bbimage_grid\u00a0\u00bb images=\u00a0\u00bb605,608,611,614,617,620,626,629,632,635,638,641,644,647,650&Prime; img_size=\u00a0\u00bblarge\u00a0\u00bb][vc_empty_space height=\u00a0\u00bb65px\u00a0\u00bb][\/vc_column][\/vc_row][vc_section css=\u00a0\u00bb.vc_custom_1744980685363{background-color: rgba(47,79,79,0.05) !important;*background-color: rgb(47,79,79) !important;border-radius: 20px !important;}\u00a0\u00bb el_class=\u00a0\u00bbcontainer-chalets\u00a0\u00bb][vc_row][vc_column width=\u00a0\u00bb1\/2&Prime;][vc_column_text css=\u00a0\u00bb\u00a0\u00bb]<\/p>\n<h2>Chambres et chalets<\/h2>\n<p>\u00c0 l\u2019h\u00f4tel L\u2019Eau Vive, vous choisissez le s\u00e9jour qui vous convient. S\u00e9journez dans l\u2019une de nos confortables chambres d\u2019h\u00f4tel dans le b\u00e2timent principal ou vivez une exp\u00e9rience unique dans une ambiance ardennaise dans un chalet en bois au bord de la rivi\u00e8re. Tous nos h\u00e9bergements disposent de lits confortables, d\u2019une salle de bains individuelle et le petit-d\u00e9jeuner est inclus dans le prix.[\/vc_column_text][\/vc_column][vc_column width=\u00a0\u00bb1\/2&Prime;][vc_btn title=\u00a0\u00bbR\u00e9servez votre s\u00e9jour\u00a0\u00bb color=\u00a0\u00bbmulled-wine\u00a0\u00bb align=\u00a0\u00bbright\u00a0\u00bb css=\u00a0\u00bb\u00a0\u00bb link=\u00a0\u00bburl:https%3A%2F%2Fbooking.roomraccoon.com%2Feau-vive%2Ffr%2F%3FdateStart%3D%26dateEnd%3D\u00a0\u00bb][\/vc_column][\/vc_row][vc_row][vc_column]<div class=\"row row-eq-height row-projectlist\">\n    <div class=\"col-lg-3 col-md-6 col-project col-simple\" style=\"cursor:pointer\" onclick=\"window.location.href='https:\/\/www.hoteleauvive.be\/fr\/kamers\/chambre-confort\/'\">\n            <div class=\"col-news-inner\">\n                <div class=\"image\">\n                    <a href=\"https:\/\/www.hoteleauvive.be\/fr\/kamers\/chambre-confort\/\"><img decoding=\"async\" src=\"https:\/\/www.hoteleauvive.be\/wp-content\/uploads\/2025\/04\/hotel-l_eau-vive-print-21-500x550.webp\" title=\"Chambre Confort\" class=\"img-fluid\"><\/a>\n                <\/div>  \n                <div class=\"content\">\n\n                    <h2 class=\"h2\">Chambre Confort<\/h2>\n\n                    <div class=\"list\">\n                        <div><i class=\"fal fa-user\"><\/i> 1-2 personne(s)<\/div>\n                    <\/div>\n\n                <\/div>\n            <\/div>\n        <\/div><div class=\"col-lg-3 col-md-6 col-project col-simple\" style=\"cursor:pointer\" onclick=\"window.location.href='https:\/\/www.hoteleauvive.be\/fr\/kamers\/chambre-a-deux-lits\/'\">\n            <div class=\"col-news-inner\">\n                <div class=\"image\">\n                    <a href=\"https:\/\/www.hoteleauvive.be\/fr\/kamers\/chambre-a-deux-lits\/\"><img decoding=\"async\" src=\"https:\/\/www.hoteleauvive.be\/wp-content\/uploads\/2025\/04\/twin-500x550.webp\" title=\"Chambre Twin\" class=\"img-fluid\"><\/a>\n                <\/div>  \n                <div class=\"content\">\n\n                    <h2 class=\"h2\">Chambre Twin<\/h2>\n\n                    <div class=\"list\">\n                        <div><i class=\"fal fa-user\"><\/i> 1-2 personne(s)<\/div>\n                    <\/div>\n\n                <\/div>\n            <\/div>\n        <\/div><div class=\"col-lg-3 col-md-6 col-project col-simple\" style=\"cursor:pointer\" onclick=\"window.location.href='https:\/\/www.hoteleauvive.be\/fr\/kamers\/standard\/'\">\n            <div class=\"col-news-inner\">\n                <div class=\"image\">\n                    <a href=\"https:\/\/www.hoteleauvive.be\/fr\/kamers\/standard\/\"><img decoding=\"async\" src=\"https:\/\/www.hoteleauvive.be\/wp-content\/uploads\/2025\/04\/hotel-l_eau-vive-print-45-500x550.webp\" title=\"Chambre Standard\" class=\"img-fluid\"><\/a>\n                <\/div>  \n                <div class=\"content\">\n\n                    <h2 class=\"h2\">Chambre Standard<\/h2>\n\n                    <div class=\"list\">\n                        <div><i class=\"fal fa-user\"><\/i> 1-2 personne(s)<\/div>\n                    <\/div>\n\n                <\/div>\n            <\/div>\n        <\/div><div class=\"col-lg-3 col-md-6 col-project col-simple\" style=\"cursor:pointer\" onclick=\"window.location.href='https:\/\/www.hoteleauvive.be\/fr\/kamers\/chalets\/'\">\n            <div class=\"col-news-inner\">\n                <div class=\"image\">\n                    <a href=\"https:\/\/www.hoteleauvive.be\/fr\/kamers\/chalets\/\"><img decoding=\"async\" src=\"https:\/\/www.hoteleauvive.be\/wp-content\/uploads\/2025\/04\/hotel-l_eau-vive-print-10-2-500x550.png\" title=\"Chalet\" class=\"img-fluid\"><\/a>\n                <\/div>  \n                <div class=\"content\">\n\n                    <h2 class=\"h2\">Chalet<\/h2>\n\n                    <div class=\"list\">\n                        <div><i class=\"fal fa-user\"><\/i> 1-4 personne(s)<\/div>\n                    <\/div>\n\n                <\/div>\n            <\/div>\n        <\/div> \n<\/div>[\/vc_column][\/vc_row][\/vc_section][vc_row][vc_column][vc_empty_space][\/vc_column][\/vc_row]<\/p>\n<\/div>","protected":false},"excerpt":{"rendered":"<p>[vc_row full_width=\u00a0\u00bbstretch_row_content\u00a0\u00bb][vc_column][\/vc_column][\/vc_row][vc_row][vc_column width=\u00a0\u00bb1\/2&Prime;][vc_empty_space height=\u00a0\u00bb35px\u00a0\u00bb][vc_column_text css=\u00a0\u00bb\u00a0\u00bb button_style=\u00a0\u00bbprimary\u00a0\u00bb button2_link=\u00a0\u00bburl:https%3A%2F%2Fwww.hoteleauvive.be%2Fwp-content%2Fuploads%2F2025%2F10%2FHotel-leauvive-menukaart-Diner-okt.pdf|title:Bekijk%20onze%20menukaart\u00a0\u00bb]Au restaurant de l\u2019h\u00f4tel L\u2019Eau Vive, vous d\u00e9gusterez une cuisine savoureuse et abordable, pr\u00e9par\u00e9e avec amour \u00e0 base de produits locaux et inspir\u00e9e de plats classiques. Que vous s\u00e9journiez \u00e0 l\u2019h\u00f4tel ou que vous veniez simplement d\u00eener, vous \u00eates les bienvenus dans notre chaleureuse salle \u00e0 manger ou, par [&hellip;]<\/p>\n","protected":false},"author":1,"featured_media":0,"parent":0,"menu_order":0,"comment_status":"closed","ping_status":"closed","template":"","meta":{"footnotes":""},"tags":[],"class_list":["post-984","page","type-page","status-publish","hentry"],"_links":{"self":[{"href":"https:\/\/www.hoteleauvive.be\/fr\/wp-json\/wp\/v2\/pages\/984","targetHints":{"allow":["GET"]}}],"collection":[{"href":"https:\/\/www.hoteleauvive.be\/fr\/wp-json\/wp\/v2\/pages"}],"about":[{"href":"https:\/\/www.hoteleauvive.be\/fr\/wp-json\/wp\/v2\/types\/page"}],"author":[{"embeddable":true,"href":"https:\/\/www.hoteleauvive.be\/fr\/wp-json\/wp\/v2\/users\/1"}],"replies":[{"embeddable":true,"href":"https:\/\/www.hoteleauvive.be\/fr\/wp-json\/wp\/v2\/comments?post=984"}],"version-history":[{"count":17,"href":"https:\/\/www.hoteleauvive.be\/fr\/wp-json\/wp\/v2\/pages\/984\/revisions"}],"predecessor-version":[{"id":1420,"href":"https:\/\/www.hoteleauvive.be\/fr\/wp-json\/wp\/v2\/pages\/984\/revisions\/1420"}],"wp:attachment":[{"href":"https:\/\/www.hoteleauvive.be\/fr\/wp-json\/wp\/v2\/media?parent=984"}],"wp:term":[{"taxonomy":"post_tag","embeddable":true,"href":"https:\/\/www.hoteleauvive.be\/fr\/wp-json\/wp\/v2\/tags?post=984"}],"curies":[{"name":"wp","href":"https:\/\/api.w.org\/{rel}","templated":true}]}}