{"id":942,"date":"2025-04-24T14:54:03","date_gmt":"2025-04-24T14:54:03","guid":{"rendered":"https:\/\/www.hoteleauvive.be\/a-propos-de-lhotel\/"},"modified":"2025-06-04T15:24:20","modified_gmt":"2025-06-04T15:24:20","slug":"a-propos-de-lhotel","status":"publish","type":"page","link":"https:\/\/www.hoteleauvive.be\/fr\/a-propos-de-lhotel\/","title":{"rendered":"A propos de l&rsquo;h\u00f4tel"},"content":{"rendered":"<div class=\"wpb-content-wrapper\"><p>[vc_row full_width=\u00a0\u00bbstretch_row_content\u00a0\u00bb][vc_column]<div class=\"main-banner main-banner-sub \">\n    <div class=\"slider-holder\">\n        <div class=\"slider\">\n            <div class=\"slide\" style=\"background-image:url(https:\/\/www.hoteleauvive.be\/wp-content\/uploads\/2025\/04\/hotel-l_eau-vive-print-18-1600x1067.webp)\"><\/div>        <\/div>\n \n        <div class=\"container\">\n            <div class=\"row\">\n                <div class=\"col-lg-8\">\n                    <div>\n                        <div class=\"d-flex\" style=\"flex-direction: column;\">\n                            <h4>Un lieu calme et accueillant situ\u00e9 dans une vall\u00e9e<\/h4>\n                            <h1>A propos de notre h\u00f4tel<\/h1>\n\n                                                    <\/div>\n                    <\/div>\n                <\/div>\n\n                 \n            <\/div>\n        <\/div>\n    <\/div>\n\n    <\/div>\n\n<style>\n.main-banner { height:462px; }\n.main-banner .container { padding-bottom: 180px; }\n.main-banner h1 {\n    font-size: 96px;\n    line-height: 70px;\n    margin-top: -20px;\n    margin-bottom: 20px;\n}\nbody.home .main-banner h1 {\n    margin-bottom: 40px;\n}\n.main-banner small { font-size:60px; }\n.main-banner :is(h1, h2, h3, h4, p) { color:#F5EFE6; font-weight: 400; }\n.main-banner h4 { font-weight:bold; font-family: 'Nunito Sans'; font-size:18px; }\n\n.slider-holder { display: flex; align-items: flex-end; position:relative; max-height:100%; height:100%; }\n\n.book-picker { flex-direction: column; background:#fff; padding: 26px 32px; display:flex; gap: 15px; border-radius: 20px; }\n.book-picker > div { width:100%; display:flex; justify-content:center; }\n\n.book-sells { display:flex; gap: 10px; color:#F5EFE6; margin-top:15px; }\n.book-sells i { margin-right:10px; margin-left: 20px; }\n\n.col-restaurant {\n    background:#fff;\n    margin-bottom:0px;\n    border-radius: 20px;\n    padding: 25px; \n    display: none; \n}\n.col-restaurant h2 { font-size:28px; font-weight: 300; }\n\n@media (min-width: 720px) {\n    .main-banner { height:562px; }\n}\n@media (min-width: 992px) {\n    .main-banner { height:862px; }\n    .book-picker { flex-direction: row; justify-content:center; }\n}\n@media (min-width: 992px) {\n    .col-restaurant {\n        max-width: 313px;\n        float:right;\n        display: block;\n    }\n}\n@media (max-width: 720px) {\n    .main-banner h4 { line-height:100%; margin-bottom: 0px; margin-top: 100px; }\n    .main-banner h1 { font-size:40px; margin-top: 20px; margin-bottom: 20px; line-height:100%; }\n    .main-banner h1 small { font-size:30px; }\n    .main-banner.main-banner-booker .container { transform:none; }\n}\n\n.book-picker-mobile {\n    display: none;\n}\n\n@media (max-width: 991px) {\n    .book-picker-desktop {\n        display: none;\n    }\n\n    .book-picker-mobile {\n        display: block;\n    }\n}\n\n\n.slider {\n overflow: hidden;\n width: 100%;\n height: 100%;\n position: absolute;\n top:0px;\n left:0px;\n bottom:0px;\n right: 0px;\n}\n.slider .slide {\n position: absolute;\n top: 0;\n left: 0;\n width: 100%;\n height: 100%;\n border-radius: 20px;\n overflow: hidden;\n background-size: cover;\n background-position: center;\n }\n.slider .slide:nth-child(1) {\n   animation-delay: 0s;\n}\n@keyframes slider {\n 0%, 95%, 100% {\n   transform: translateX(0);\n   animation-timing-function: ease;\n }\n 100% {\n   transform: translateX(-100%);\n   animation-timing-function: step-end;\n }\n 95% {\n   transform: translateX(100%);\n   animation-timing-function: ease;\n }\n}\n<\/style>[\/vc_column][\/vc_row][vc_row gap=\u00a0\u00bb35&Prime;][vc_column css=\u00a0\u00bb.vc_custom_1745506333207{margin-right: 40px !important;}\u00a0\u00bb][vc_empty_space height=\u00a0\u00bb35px\u00a0\u00bb][\/vc_column][\/vc_row][vc_row gap=\u00a0\u00bb35&Prime;][vc_column width=\u00a0\u00bb1\/2&Prime; css=\u00a0\u00bb.vc_custom_1745506583590{margin-right: 80px !important;}\u00a0\u00bb][vc_column_text css=\u00a0\u00bb\u00a0\u00bb button_style=\u00a0\u00bbprimary\u00a0\u00bb button_link=\u00a0\u00bburl:https%3A%2F%2Fbooking.roomraccoon.com%2Feau-vive%2Ffr%2F|title:Boek%20uw%20verblijf\u00a0\u00bb]<\/p>\n<p class=\"\" data-start=\"296\" data-end=\"829\">L\u2019h\u00f4tel L\u2019Eau Vive est situ\u00e9 dans un b\u00e2timent charg\u00e9 d\u2019histoire, dans un cadre verdoyant, au bord d\u2019une petite rivi\u00e8re. Les origines du b\u00e2timent remontent au d\u00e9but du 20\u00e8me si\u00e8cle, \u00e9poque o\u00f9 il h\u00e9bergea une fabrique de boulons. Dans les ann\u00e9es 30, il abrite une manufacture de tabac appartenant \u00e0 la famille Denoncin et s\u2019inscrit ainsi dans l\u2019histoire de la r\u00e9gion connue pour son tabac. L\u2019eau du ruisseau de Ruaumoulin entra\u00eenait alors, via une roue de moulin, les machines pour hacher le tabac. Les anciens canaux et la roue sont encore visibles \u00e0 c\u00f4t\u00e9 de l\u2019h\u00f4tel et rappellent cette \u00e9poque.<\/p>\n<p class=\"\" data-start=\"831\" data-end=\"1143\">Apr\u00e8s avoir servi d\u2019entrep\u00f4t pour le tabac, le b\u00e2timent a \u00e9t\u00e9 r\u00e9am\u00e9nag\u00e9. Aujourd\u2019hui, L\u2019Eau Vive est un charmant h\u00f4tel de 29 chambres et 5 chalets en bois, o\u00f9 les \u00e9l\u00e9ments authentiques ont \u00e9t\u00e9 soigneusement pr\u00e9serv\u00e9s. Ici, pass\u00e9 rime avec confort et tranquillit\u00e9 et une attention personnalis\u00e9e est accord\u00e9e \u00e0 chacun de nos h\u00f4tes.<\/p>\n<p>[\/vc_column_text][\/vc_column][vc_column width=\u00a0\u00bb1\/2&Prime;][vc_single_image image=\u00a0\u00bb658&Prime; img_size=\u00a0\u00bbfull\u00a0\u00bb css=\u00a0\u00bb\u00a0\u00bb][\/vc_column][\/vc_row][vc_row gap=\u00a0\u00bb35&Prime;][vc_column width=\u00a0\u00bb1\/2&Prime; css=\u00a0\u00bb.vc_custom_1745506583590{margin-right: 80px !important;}\u00a0\u00bb][vc_column_text css=\u00a0\u00bb\u00a0\u00bb button_style=\u00a0\u00bbprimary\u00a0\u00bb button_link=\u00a0\u00bburl:https%3A%2F%2Fbooking.roomraccoon.com%2Feau-vive%2Ffr%2F|title:Boek%20uw%20verblijf\u00a0\u00bb]<\/p>\n<h2 data-start=\"296\" data-end=\"829\">L&rsquo;\u00e9quipe<\/h2>\n<p class=\"\" data-start=\"152\" data-end=\"186\"><strong data-start=\"152\" data-end=\"186\">L\u2019hospitalit\u00e9, c\u2019est avant tout une question de personnes.<\/strong><\/p>\n<div><span lang=\"FR\">A l\u2019h\u00f4tel l\u2019Eau Vive, nous accordons beaucoup d\u2019importance \u00e0 l\u2019attention r\u00e9serv\u00e9e \u00e0 chacun de nos h\u00f4tes. <\/span> Une petite \u00e9quipe d\u00e9vou\u00e9e est chaque jour \u00e0 votre disposition pour vous offrir un s\u00e9jour agr\u00e9able et serein. Apr\u00e8s un accueil chaleureux lors de votre arriv\u00e9e et jusqu\u2019au moment du petit-d\u00e9jeuner compos\u00e9 de produits frais propos\u00e9 chaque matin, nous nous faisons un plaisir de vous servir avec une sinc\u00e8re bienveillance.<\/div>\n<p class=\"\" data-start=\"475\" data-end=\"692\">Nous connaissons notre environnement, nous sommes \u00e0 l\u2019\u00e9coute de vos souhaits et nous aimons r\u00e9fl\u00e9chir avec vous. Que vous cherchiez un bel itin\u00e9raire de promenade, un conseil pour choisir un bon verre de vin ou de l\u2019aide pour r\u00e9server une activit\u00e9, vous pouvez compter sur nous. Que ce soit en coulisses ou \u00e0 la r\u00e9ception, en cuisine ou \u00e0 table, \u00e0 L\u2019Eau Vive, nous travaillons par amour du m\u00e9tier et \u00e7a se voit.<\/p>\n<p>[\/vc_column_text][\/vc_column][vc_column width=\u00a0\u00bb1\/2&Prime;][vc_single_image image=\u00a0\u00bb896&Prime; img_size=\u00a0\u00bbfull\u00a0\u00bb css=\u00a0\u00bb\u00a0\u00bb][\/vc_column][\/vc_row][vc_row gap=\u00a0\u00bb35&Prime;][vc_column css=\u00a0\u00bb.vc_custom_1745506333207{margin-right: 40px !important;}\u00a0\u00bb][vc_empty_space height=\u00a0\u00bb35px\u00a0\u00bb][\/vc_column][\/vc_row][vc_section css=\u00a0\u00bb.vc_custom_1744980685363{background-color: rgba(47,79,79,0.05) !important;*background-color: rgb(47,79,79) !important;border-radius: 20px !important;}\u00a0\u00bb el_class=\u00a0\u00bbcontainer-chalets\u00a0\u00bb][vc_row][vc_column width=\u00a0\u00bb1\/2&Prime;][vc_column_text css=\u00a0\u00bb\u00a0\u00bb]<\/p>\n<h2>Equipements : tout ce qu\u2019il faut pour un s\u00e9jour reposant<\/h2>\n<p>L\u2019h\u00f4tel L\u2019Eau Vive est synonyme de tranquillit\u00e9, d\u2019hospitalit\u00e9 et de plaisir. Outre les chambres et les chalets confortables, l\u2019h\u00f4tel propose plusieurs endroits agr\u00e9ables pour se retrouver, se d\u00e9tendre ou commencer la journ\u00e9e activement.<\/p>\n<p>Dans l\u2019agr\u00e9able salle de <a href=\"https:\/\/www.hoteleauvive.be\/fr\/petit-dejeuner\/\">petit-d\u00e9jeuner<\/a>, vous pourrez d\u00e9guster un copieux <span class=\"sc-dcJsrY hepMoq AT-ate-chip--compact ate-chip--marker ate-chip ate-chip--compact ate-chip--marker\" data-segment=\"gid_0\" data-type=\"g\">petit-d\u00e9jeuner<\/span> propos\u00e9 tous les matins sous forme de buffet. Le soir, nous vous accueillons dans le <a href=\"https:\/\/www.hoteleauvive.be\/fr\/a-propos-de-lhotel\/\"><span class=\"sc-dcJsrY ibUcZQ AT-ate-chip--compact ate-chip--marker ate-chip ate-chip--compact ate-chip--marker\" data-segment=\"gid_1\" data-type=\"g\">restaurant<\/span><\/a> de l\u2019h\u00f4tel ou, par beau temps, au soleil \u00e0 l\u2019ext\u00e9rieur sur la terrasse \u00e0 l\u2019avant de l\u2019h\u00f4tel, avec vue sur le village et la nature environnante. Vous y d\u00e9gusterez un savoureux d\u00eener, pr\u00e9par\u00e9 avec des produits de saison et des plats r\u00e9gionaux.<\/p>\n<p>\u00c0 l\u2019arri\u00e8re de l\u2019h\u00f4tel se trouve une deuxi\u00e8me terrasse, surplombant la rivi\u00e8re. C\u2019est un endroit unique pour savourer tranquillement une tasse de caf\u00e9 ou un bon verre de vin en plein air. Par beau temps, vous pouvez passer toute la journ\u00e9e chez nous et bronzer, sur la terrasse ou sur la pelouse au bord de l\u2019eau.<\/p>\n<p class=\"\" data-start=\"1182\" data-end=\"1512\">\u00c0 l\u2019int\u00e9rieur, le salon et sa chemin\u00e9e invitent \u00e0 la d\u00e9tente apr\u00e8s une journ\u00e9e active. Vous pouvez y lire un livre, y jouer \u00e0 un jeu ou simplement vous relaxer et profiter de la chaleur du feu et de la vue sur la verdure. Vous trouverez \u00e9galement un bar authentique, o\u00f9 vous pourrez, en fin de journ\u00e9e, prendre un ap\u00e9ritif, une bi\u00e8re locale ou toute autre boisson.<\/p>\n<p>Que vous recherchiez l\u2019action en plein air ou le calme, l\u2019ambiance de l\u2019h\u00f4tel est toujours d\u00e9contract\u00e9e et l\u2019accueil, personnalis\u00e9, et vous laissent tout le loisir de profiter \u00e0 votre guise de votre s\u00e9jour.[\/vc_column_text][\/vc_column][vc_column width=\u00a0\u00bb1\/2&Prime;][vc_single_image image=\u00a0\u00bb796&Prime; img_size=\u00a0\u00bbfull\u00a0\u00bb css=\u00a0\u00bb\u00a0\u00bb][\/vc_column][\/vc_row][\/vc_section][vc_row gap=\u00a0\u00bb35&Prime;][vc_column css=\u00a0\u00bb.vc_custom_1745506333207{margin-right: 40px !important;}\u00a0\u00bb][vc_empty_space height=\u00a0\u00bb35px\u00a0\u00bb][\/vc_column][\/vc_row][vc_row][vc_column][vc_gallery type=\u00a0\u00bbimage_grid\u00a0\u00bb images=\u00a0\u00bb802,805,808,811,814,799,817,820,900&Prime; img_size=\u00a0\u00bblarge\u00a0\u00bb css=\u00a0\u00bb\u00a0\u00bb][vc_empty_space height=\u00a0\u00bb65px\u00a0\u00bb][\/vc_column][\/vc_row][vc_section css=\u00a0\u00bb.vc_custom_1744980685363{background-color: rgba(47,79,79,0.05) !important;*background-color: rgb(47,79,79) !important;border-radius: 20px !important;}\u00a0\u00bb el_class=\u00a0\u00bbcontainer-chalets\u00a0\u00bb][vc_row][vc_column width=\u00a0\u00bb1\/2&Prime;][vc_column_text css=\u00a0\u00bb\u00a0\u00bb]<\/p>\n<h2>Chambres et chalets<\/h2>\n<p>\u00c0 l\u2019h\u00f4tel L\u2019Eau Vive, vous choisissez le s\u00e9jour qui vous convient. S\u00e9journez dans l\u2019une de nos confortables chambres d\u2019h\u00f4tel dans le b\u00e2timent principal ou vivez une exp\u00e9rience unique dans une ambiance ardennaise dans un chalet en bois au bord de la rivi\u00e8re. Tous nos h\u00e9bergements disposent de lits confortables, d\u2019une salle de bains individuelle et le petit-d\u00e9jeuner est inclus dans le prix.[\/vc_column_text][\/vc_column][vc_column width=\u00a0\u00bb1\/2&Prime;][vc_btn title=\u00a0\u00bbR\u00e9servez votre s\u00e9jour\u00a0\u00bb color=\u00a0\u00bbmulled-wine\u00a0\u00bb align=\u00a0\u00bbright\u00a0\u00bb css=\u00a0\u00bb\u00a0\u00bb link=\u00a0\u00bburl:https%3A%2F%2Fbooking.roomraccoon.com%2Feau-vive%2Ffr%2F%3FdateStart%3D%26dateEnd%3D\u00a0\u00bb][\/vc_column][\/vc_row][vc_row][vc_column]<div class=\"row row-eq-height row-projectlist\">\n    <div class=\"col-lg-3 col-md-6 col-project col-simple\" style=\"cursor:pointer\" onclick=\"window.location.href='https:\/\/www.hoteleauvive.be\/fr\/kamers\/chambre-confort\/'\">\n            <div class=\"col-news-inner\">\n                <div class=\"image\">\n                    <a href=\"https:\/\/www.hoteleauvive.be\/fr\/kamers\/chambre-confort\/\"><img decoding=\"async\" src=\"https:\/\/www.hoteleauvive.be\/wp-content\/uploads\/2025\/04\/hotel-l_eau-vive-print-21-500x550.webp\" title=\"Chambre Confort\" class=\"img-fluid\"><\/a>\n                <\/div>  \n                <div class=\"content\">\n\n                    <h2 class=\"h2\">Chambre Confort<\/h2>\n\n                    <div class=\"list\">\n                        <div><i class=\"fal fa-user\"><\/i> 1-2 personne(s)<\/div>\n                    <\/div>\n\n                <\/div>\n            <\/div>\n        <\/div><div class=\"col-lg-3 col-md-6 col-project col-simple\" style=\"cursor:pointer\" onclick=\"window.location.href='https:\/\/www.hoteleauvive.be\/fr\/kamers\/chambre-a-deux-lits\/'\">\n            <div class=\"col-news-inner\">\n                <div class=\"image\">\n                    <a href=\"https:\/\/www.hoteleauvive.be\/fr\/kamers\/chambre-a-deux-lits\/\"><img decoding=\"async\" src=\"https:\/\/www.hoteleauvive.be\/wp-content\/uploads\/2025\/04\/twin-500x550.webp\" title=\"Chambre Twin\" class=\"img-fluid\"><\/a>\n                <\/div>  \n                <div class=\"content\">\n\n                    <h2 class=\"h2\">Chambre Twin<\/h2>\n\n                    <div class=\"list\">\n                        <div><i class=\"fal fa-user\"><\/i> 1-2 personne(s)<\/div>\n                    <\/div>\n\n                <\/div>\n            <\/div>\n        <\/div><div class=\"col-lg-3 col-md-6 col-project col-simple\" style=\"cursor:pointer\" onclick=\"window.location.href='https:\/\/www.hoteleauvive.be\/fr\/kamers\/standard\/'\">\n            <div class=\"col-news-inner\">\n                <div class=\"image\">\n                    <a href=\"https:\/\/www.hoteleauvive.be\/fr\/kamers\/standard\/\"><img decoding=\"async\" src=\"https:\/\/www.hoteleauvive.be\/wp-content\/uploads\/2025\/04\/hotel-l_eau-vive-print-45-500x550.webp\" title=\"Chambre Standard\" class=\"img-fluid\"><\/a>\n                <\/div>  \n                <div class=\"content\">\n\n                    <h2 class=\"h2\">Chambre Standard<\/h2>\n\n                    <div class=\"list\">\n                        <div><i class=\"fal fa-user\"><\/i> 1-2 personne(s)<\/div>\n                    <\/div>\n\n                <\/div>\n            <\/div>\n        <\/div><div class=\"col-lg-3 col-md-6 col-project col-simple\" style=\"cursor:pointer\" onclick=\"window.location.href='https:\/\/www.hoteleauvive.be\/fr\/kamers\/chalets\/'\">\n            <div class=\"col-news-inner\">\n                <div class=\"image\">\n                    <a href=\"https:\/\/www.hoteleauvive.be\/fr\/kamers\/chalets\/\"><img decoding=\"async\" src=\"https:\/\/www.hoteleauvive.be\/wp-content\/uploads\/2025\/04\/hotel-l_eau-vive-print-10-2-500x550.png\" title=\"Chalet\" class=\"img-fluid\"><\/a>\n                <\/div>  \n                <div class=\"content\">\n\n                    <h2 class=\"h2\">Chalet<\/h2>\n\n                    <div class=\"list\">\n                        <div><i class=\"fal fa-user\"><\/i> 1-4 personne(s)<\/div>\n                    <\/div>\n\n                <\/div>\n            <\/div>\n        <\/div> \n<\/div>[\/vc_column][\/vc_row][\/vc_section][vc_row][vc_column][vc_empty_space][\/vc_column][\/vc_row]<\/p>\n<\/div>","protected":false},"excerpt":{"rendered":"<p>[vc_row full_width=\u00a0\u00bbstretch_row_content\u00a0\u00bb][vc_column][\/vc_column][\/vc_row][vc_row gap=\u00a0\u00bb35&Prime;][vc_column css=\u00a0\u00bb.vc_custom_1745506333207{margin-right: 40px !important;}\u00a0\u00bb][vc_empty_space height=\u00a0\u00bb35px\u00a0\u00bb][\/vc_column][\/vc_row][vc_row gap=\u00a0\u00bb35&Prime;][vc_column width=\u00a0\u00bb1\/2&Prime; css=\u00a0\u00bb.vc_custom_1745506583590{margin-right: 80px !important;}\u00a0\u00bb][vc_column_text css=\u00a0\u00bb\u00a0\u00bb button_style=\u00a0\u00bbprimary\u00a0\u00bb button_link=\u00a0\u00bburl:https%3A%2F%2Fbooking.roomraccoon.com%2Feau-vive%2Ffr%2F|title:Boek%20uw%20verblijf\u00a0\u00bb] L\u2019h\u00f4tel L\u2019Eau Vive est situ\u00e9 dans un b\u00e2timent charg\u00e9 d\u2019histoire, dans un cadre verdoyant, au bord d\u2019une petite rivi\u00e8re. Les origines du b\u00e2timent remontent au d\u00e9but du 20\u00e8me si\u00e8cle, \u00e9poque o\u00f9 il h\u00e9bergea une fabrique de boulons. Dans les ann\u00e9es [&hellip;]<\/p>\n","protected":false},"author":1,"featured_media":0,"parent":0,"menu_order":0,"comment_status":"closed","ping_status":"closed","template":"","meta":{"footnotes":""},"tags":[],"class_list":["post-942","page","type-page","status-publish","hentry"],"_links":{"self":[{"href":"https:\/\/www.hoteleauvive.be\/fr\/wp-json\/wp\/v2\/pages\/942","targetHints":{"allow":["GET"]}}],"collection":[{"href":"https:\/\/www.hoteleauvive.be\/fr\/wp-json\/wp\/v2\/pages"}],"about":[{"href":"https:\/\/www.hoteleauvive.be\/fr\/wp-json\/wp\/v2\/types\/page"}],"author":[{"embeddable":true,"href":"https:\/\/www.hoteleauvive.be\/fr\/wp-json\/wp\/v2\/users\/1"}],"replies":[{"embeddable":true,"href":"https:\/\/www.hoteleauvive.be\/fr\/wp-json\/wp\/v2\/comments?post=942"}],"version-history":[{"count":21,"href":"https:\/\/www.hoteleauvive.be\/fr\/wp-json\/wp\/v2\/pages\/942\/revisions"}],"predecessor-version":[{"id":1352,"href":"https:\/\/www.hoteleauvive.be\/fr\/wp-json\/wp\/v2\/pages\/942\/revisions\/1352"}],"wp:attachment":[{"href":"https:\/\/www.hoteleauvive.be\/fr\/wp-json\/wp\/v2\/media?parent=942"}],"wp:term":[{"taxonomy":"post_tag","embeddable":true,"href":"https:\/\/www.hoteleauvive.be\/fr\/wp-json\/wp\/v2\/tags?post=942"}],"curies":[{"name":"wp","href":"https:\/\/api.w.org\/{rel}","templated":true}]}}