{"id":925,"date":"2024-09-30T15:48:16","date_gmt":"2024-09-30T15:48:16","guid":{"rendered":"https:\/\/www.hoteleauvive.be\/accueil\/"},"modified":"2025-06-03T15:57:28","modified_gmt":"2025-06-03T15:57:28","slug":"accueil","status":"publish","type":"page","link":"https:\/\/www.hoteleauvive.be\/fr\/","title":{"rendered":"Accueil"},"content":{"rendered":"<div class=\"wpb-content-wrapper\"><p>[vc_row full_width=\u00a0\u00bbstretch_row_content\u00a0\u00bb css=\u00a0\u00bb.vc_custom_1744441457612{border-radius: 20px !important;}\u00a0\u00bb][vc_column css=\u00a0\u00bb.vc_custom_1744968360891{padding-top: 0px !important;padding-bottom: 0px !important;}\u00a0\u00bb]<div class=\"main-banner main-banner-start main-banner-booker\">\n    <div class=\"slider-holder\">\n        <div class=\"slider\">\n            <div class=\"slide\" style=\"background-image:url(https:\/\/www.hoteleauvive.be\/wp-content\/uploads\/2025\/04\/hotel-l_eau-vive-print-13-1600x1067.webp)\"><\/div><div class=\"slide\" style=\"background-image:url(https:\/\/www.hoteleauvive.be\/wp-content\/uploads\/2025\/04\/hotel-l_eau-vive-print-10-1600x1067.webp)\"><\/div><div class=\"slide\" style=\"background-image:url(https:\/\/www.hoteleauvive.be\/wp-content\/uploads\/2025\/04\/hotel-l_eau-vive-print-11-1600x1067.webp)\"><\/div><div class=\"slide\" style=\"background-image:url(https:\/\/www.hoteleauvive.be\/wp-content\/uploads\/2025\/04\/hotel-l_eau-vive-print-19-1600x1067.webp)\"><\/div>        <\/div>\n \n        <div class=\"container\">\n            <div class=\"row\">\n                <div class=\"col-lg-8\">\n                    <div>\n                        <div class=\"d-flex\" style=\"flex-direction: column;\">\n                            <h4>H\u00f4tel-restaurant L'Eau Vive au c\u0153ur de l\u2019Ardenne<\/h4>\n                            <h1><small>L\u00e0 o\u00f9 <\/small> se conjugent nature <small>et<\/small> tranquillit\u00e9<\/h1>\n\n                                                    <\/div>\n                    <\/div>\n                <\/div>\n\n                                    <div class=\"col-lg-4\">\n                        <div class=\"col-simple col-restaurant\">\n                            <img decoding=\"async\" src=\"\/wp-content\/uploads\/2025\/04\/food.png\" style=\"width: 100%; height: 170px; object-fit: cover;\">\n                            <h2 style=\"color:#2F4F4F !important; font-weight: 600; margin-top: 10px;\">Notre restaurant<\/h2>\n                            <a href=\"\/fr\/notre-restaurant\/\" title=\"R\u00e9servez une table\" class=\"btn btn-primary\">\n                                <span>R\u00e9servez une table<\/span>\n                            <\/a>\n                        <\/div>\n                    <\/div>\n                 \n            <\/div>\n        <\/div>\n    <\/div>\n\n            <div class=\"book-picker-mobile\">\n            <div style=\"width: auto;\">\n                <a href=\"https:\/\/enjoyhotels.com\/nl\/enjoyhotel-leau-vive-ardennen\" \n                   class=\"btn btn-primary\" \n                   target=\"_blank\" \n                   rel=\"noopener\">\n                    <span>R\u00e9servez votre s\u00e9jour<\/span>\n                <\/a>\n            <\/div>\n        <\/div>\n    <\/div>\n\n<style>\n.main-banner { height:462px; }\n.main-banner .container { padding-bottom: 180px; }\n.main-banner h1 {\n    font-size: 96px;\n    line-height: 70px;\n    margin-top: -20px;\n    margin-bottom: 20px;\n}\nbody.home .main-banner h1 {\n    margin-bottom: 40px;\n}\n.main-banner small { font-size:60px; }\n.main-banner :is(h1, h2, h3, h4, p) { color:#F5EFE6; font-weight: 400; }\n.main-banner h4 { font-weight:bold; font-family: 'Nunito Sans'; font-size:18px; }\n\n.slider-holder { display: flex; align-items: flex-end; position:relative; max-height:100%; height:100%; }\n\n.book-picker { flex-direction: column; background:#fff; padding: 26px 32px; display:flex; gap: 15px; border-radius: 20px; }\n.book-picker > div { width:100%; display:flex; justify-content:center; }\n\n.book-sells { display:flex; gap: 10px; color:#F5EFE6; margin-top:15px; }\n.book-sells i { margin-right:10px; margin-left: 20px; }\n\n.col-restaurant {\n    background:#fff;\n    margin-bottom:0px;\n    border-radius: 20px;\n    padding: 25px; \n    display: none; \n}\n.col-restaurant h2 { font-size:28px; font-weight: 300; }\n\n@media (min-width: 720px) {\n    .main-banner { height:562px; }\n}\n@media (min-width: 992px) {\n    .main-banner { height:862px; }\n    .book-picker { flex-direction: row; justify-content:center; }\n}\n@media (min-width: 992px) {\n    .col-restaurant {\n        max-width: 313px;\n        float:right;\n        display: block;\n    }\n}\n@media (max-width: 720px) {\n    .main-banner h4 { line-height:100%; margin-bottom: 0px; margin-top: 100px; }\n    .main-banner h1 { font-size:40px; margin-top: 20px; margin-bottom: 20px; line-height:100%; }\n    .main-banner h1 small { font-size:30px; }\n    .main-banner.main-banner-booker .container { transform:none; }\n}\n\n.book-picker-mobile {\n    display: none;\n}\n\n@media (max-width: 991px) {\n    .book-picker-desktop {\n        display: none;\n    }\n\n    .book-picker-mobile {\n        display: block;\n    }\n}\n\n\n.slider {\n overflow: hidden;\n width: 100%;\n height: 100%;\n position: absolute;\n top:0px;\n left:0px;\n bottom:0px;\n right: 0px;\n}\n.slider .slide {\n position: absolute;\n top: 0;\n left: 0;\n width: 100%;\n height: 100%;\n border-radius: 20px;\n overflow: hidden;\n background-size: cover;\n background-position: center;\n  animation: slider 22s infinite; }\n.slider .slide:nth-child(1) {\n   animation-delay: 0s;\n}\n.slider .slide:nth-child(2) {\n   animation-delay: -5.5s;\n}\n.slider .slide:nth-child(3) {\n   animation-delay: -11s;\n}\n.slider .slide:nth-child(4) {\n   animation-delay: -16.5s;\n}\n@keyframes slider {\n 0%, 20%, 100% {\n   transform: translateX(0);\n   animation-timing-function: ease;\n }\n 25% {\n   transform: translateX(-100%);\n   animation-timing-function: step-end;\n }\n 95% {\n   transform: translateX(100%);\n   animation-timing-function: ease;\n }\n}\n<\/style>[\/vc_column][\/vc_row][vc_row][vc_column width=\u00a0\u00bb1\/2&Prime;][vc_column_text]<\/p>\n<h1>R\u00e9veillez-vous avec le murmure de la rivi\u00e8re et respirez l\u2019air pur de l\u2019Ardenne.<\/h1>\n<p>[\/vc_column_text][\/vc_column][vc_column width=\u00a0\u00bb1\/2&Prime;][vc_column_text css=\u00a0\u00bb\u00a0\u00bb button_link=\u00a0\u00bburl:https%3A%2F%2Fwww.hoteleauvive.be%2Ffr%2Fnotre-restaurant%2F|title:Ons%20restaurant\u00a0\u00bb]Bienvenue \u00e0 l\u2019h\u00f4tel L\u2019Eau Vive, un confortable h\u00f4tel situ\u00e9 au c\u0153ur de l\u2019Ardenne belge, o\u00f9 vous pourrez vous d\u00e9tendre en pleine nature. Notre h\u00f4tel est nich\u00e9 dans la verdure, au bord d\u2019une rivi\u00e8re au murmure apaisant, loin de l\u2019agitation. Ici, vous pourrez vous \u00e9vader et reprendre votre souffle dans une oasis alliant confort et hospitalit\u00e9.<\/p>\n<p>\u00c0 l\u2019h\u00f4tel L\u2019Eau Vive, vous logerez dans de confortables chambres au sein du b\u00e2timent principal ou dans de charmants chalets en bois situ\u00e9s au bord de l\u2019eau. Vous vous r\u00e9veillerez chaque matin au son du chant des oiseaux et du bruissement du vent dans les arbres. Gr\u00e2ce \u00e0 notre approche personnalis\u00e9e et \u00e0 notre souci du d\u00e9tail, vous vous sentirez tout de suite comme \u00e0 la maison. Que vous veniez pour un week-end romantique en couple, des vacances actives entre seniors ou un s\u00e9jour relaxant en famille, vous trouverez votre bonheur.[\/vc_column_text][vc_empty_space height=\u00a0\u00bb50px\u00a0\u00bb][\/vc_column][\/vc_row][vc_section css=\u00a0\u00bb.vc_custom_1744980308054{background-color: rgba(47,79,79,0.05) !important;*background-color: rgb(47,79,79) !important;border-radius: 20px !important;}\u00a0\u00bb el_class=\u00a0\u00bbcontainer-chalets\u00a0\u00bb][vc_row][vc_column width=\u00a0\u00bb1\/2&Prime;][vc_column_text css=\u00a0\u00bb\u00a0\u00bb]<\/p>\n<h2>Chambres et chalets<\/h2>\n<p>\u00c0 l\u2019h\u00f4tel L\u2019Eau Vive, vous choisissez le s\u00e9jour qui vous convient. S\u00e9journez dans l\u2019une de nos confortables chambres d\u2019h\u00f4tel dans le b\u00e2timent principal ou vivez une exp\u00e9rience unique dans une ambiance ardennaise dans un chalet en bois au bord de la rivi\u00e8re. Tous nos h\u00e9bergements disposent de lits confortables, d\u2019une salle de bains individuelle et le petit-d\u00e9jeuner est inclus dans le prix.[\/vc_column_text][\/vc_column][vc_column width=\u00a0\u00bb1\/2&Prime;][vc_btn title=\u00a0\u00bbR\u00e9servez votre s\u00e9jour\u00a0\u00bb color=\u00a0\u00bbmulled-wine\u00a0\u00bb align=\u00a0\u00bbright\u00a0\u00bb css=\u00a0\u00bb\u00a0\u00bb link=\u00a0\u00bburl:https%3A%2F%2Fbooking.roomraccoon.com%2Feau-vive%2Ffr%2F\u00a0\u00bb][\/vc_column][\/vc_row][vc_row][vc_column]<div class=\"row row-eq-height row-projectlist\">\n    <div class=\"col-lg-3 col-md-6 col-project col-simple\" style=\"cursor:pointer\" onclick=\"window.location.href='https:\/\/www.hoteleauvive.be\/fr\/kamers\/chambre-confort\/'\">\n            <div class=\"col-news-inner\">\n                <div class=\"image\">\n                    <a href=\"https:\/\/www.hoteleauvive.be\/fr\/kamers\/chambre-confort\/\"><img decoding=\"async\" src=\"https:\/\/www.hoteleauvive.be\/wp-content\/uploads\/2025\/04\/hotel-l_eau-vive-print-21-500x550.webp\" title=\"Chambre Confort\" class=\"img-fluid\"><\/a>\n                <\/div>  \n                <div class=\"content\">\n\n                    <h2 class=\"h2\">Chambre Confort<\/h2>\n\n                    <div class=\"list\">\n                        <div><i class=\"fal fa-user\"><\/i> 1-2 personne(s)<\/div>\n                    <\/div>\n\n                <\/div>\n            <\/div>\n        <\/div><div class=\"col-lg-3 col-md-6 col-project col-simple\" style=\"cursor:pointer\" onclick=\"window.location.href='https:\/\/www.hoteleauvive.be\/fr\/kamers\/chambre-a-deux-lits\/'\">\n            <div class=\"col-news-inner\">\n                <div class=\"image\">\n                    <a href=\"https:\/\/www.hoteleauvive.be\/fr\/kamers\/chambre-a-deux-lits\/\"><img decoding=\"async\" src=\"https:\/\/www.hoteleauvive.be\/wp-content\/uploads\/2025\/04\/twin-500x550.webp\" title=\"Chambre Twin\" class=\"img-fluid\"><\/a>\n                <\/div>  \n                <div class=\"content\">\n\n                    <h2 class=\"h2\">Chambre Twin<\/h2>\n\n                    <div class=\"list\">\n                        <div><i class=\"fal fa-user\"><\/i> 1-2 personne(s)<\/div>\n                    <\/div>\n\n                <\/div>\n            <\/div>\n        <\/div><div class=\"col-lg-3 col-md-6 col-project col-simple\" style=\"cursor:pointer\" onclick=\"window.location.href='https:\/\/www.hoteleauvive.be\/fr\/kamers\/standard\/'\">\n            <div class=\"col-news-inner\">\n                <div class=\"image\">\n                    <a href=\"https:\/\/www.hoteleauvive.be\/fr\/kamers\/standard\/\"><img decoding=\"async\" src=\"https:\/\/www.hoteleauvive.be\/wp-content\/uploads\/2025\/04\/hotel-l_eau-vive-print-45-500x550.webp\" title=\"Chambre Standard\" class=\"img-fluid\"><\/a>\n                <\/div>  \n                <div class=\"content\">\n\n                    <h2 class=\"h2\">Chambre Standard<\/h2>\n\n                    <div class=\"list\">\n                        <div><i class=\"fal fa-user\"><\/i> 1-2 personne(s)<\/div>\n                    <\/div>\n\n                <\/div>\n            <\/div>\n        <\/div><div class=\"col-lg-3 col-md-6 col-project col-simple\" style=\"cursor:pointer\" onclick=\"window.location.href='https:\/\/www.hoteleauvive.be\/fr\/kamers\/chalets\/'\">\n            <div class=\"col-news-inner\">\n                <div class=\"image\">\n                    <a href=\"https:\/\/www.hoteleauvive.be\/fr\/kamers\/chalets\/\"><img decoding=\"async\" src=\"https:\/\/www.hoteleauvive.be\/wp-content\/uploads\/2025\/04\/hotel-l_eau-vive-print-10-2-500x550.png\" title=\"Chalet\" class=\"img-fluid\"><\/a>\n                <\/div>  \n                <div class=\"content\">\n\n                    <h2 class=\"h2\">Chalet<\/h2>\n\n                    <div class=\"list\">\n                        <div><i class=\"fal fa-user\"><\/i> 1-4 personne(s)<\/div>\n                    <\/div>\n\n                <\/div>\n            <\/div>\n        <\/div> \n<\/div>[\/vc_column][\/vc_row][\/vc_section][vc_row css=\u00a0\u00bb.vc_custom_1744449988567{padding-top: 0px !important;padding-right: 0px !important;padding-bottom: 0px !important;padding-left: 0px !important;}\u00a0\u00bb][vc_column css=\u00a0\u00bb.vc_custom_1744449782650{padding: 0px !important;}\u00a0\u00bb]<div class=\"contact-cta\">\n    \n        <img decoding=\"async\" src=\"https:\/\/www.hoteleauvive.be\/wp-content\/uploads\/2025\/04\/avatar.png\" >  \n\n        <div>\n            <\/p>\n<h2>Besoin d\u2019aide pour votre r\u00e9servation ?<\/h2>\n<p>N\u2019h\u00e9sitez pas \u00e0 nous appeler, \u00e0 nous envoyer un e-mail ou \u00e0 vous adresser \u00e0 Laura, notre h\u00f4tesse \u00e0 l\u2019h\u00f4tel L\u2019Eau Vive via WhatsApp, pour un contact personnalis\u00e9, comme vous le m\u00e9ritez.\n            <div class=\"contact-icons\">\n                <div>\n                    <a href=\"tel:+32 (0)61 41 68 58\">   \n                        <i class=\"fal fa-mobile-android\"><\/i>\n\n                        +32 (0)61 41 68 58\n                    <\/a>\n                <\/div>\n\n                <div>\n                    <a href=\"mailto:info@eauvive.be\">   \n                        <i class=\"fal fa-envelope\"><\/i>\n\n                        receptie@eauvive.be\n                    <\/a>\n                <\/div>\n\n                <div>\n                    <a href=\"https:\/\/wa.me\/32061416858\">   \n                        <i class=\"fab fa-whatsapp\"><\/i>\n\n                        Whatsapp                    <\/a>\n                <\/div>\n            <\/div>\n        <\/div>\n    <\/div>\n<\/div>\n\n<style>\n    .contact-cta { padding: 40px 60px; display: flex; flex-direction: column; gap: 20px; align-items:center; background: #fff; border-radius: 20px; transform: translateY(120px); position: relative; z-index: 10; }\n    .contact-cta img { width: 200px; height:200px; object-fit:cover; border-radius: 999px; }\n    .contact-icons { display:flex; color:#2B2B2B; gap: 20px; }\n    .contact-icons * { color: #2B2B2B; }\n\n    @media (min-width: 992px) {\n        .contact-cta { flex-direction:row; gap: 80px; }\n\n    }\n\n    @media (max-width: 720px) {\n        .contact-cta { padding: 30px 40px; align-items: flex-start; } \n        .contact-icons { flex-direction:column; }\n\n\n    }\n<\/style>\n[\/vc_column][\/vc_row][vc_row full_width=\u00a0\u00bbstretch_row\u00a0\u00bb css=\u00a0\u00bb.vc_custom_1744441107655{background-color: #fffbf6 !important;}\u00a0\u00bb][vc_column][vc_empty_space height=\u00a0\u00bb150px\u00a0\u00bb][vc_column_text css=\u00a0\u00bb\u00a0\u00bb button_style=\u00a0\u00bbprimary\u00a0\u00bb button_link=\u00a0\u00bburl:https%3A%2F%2Fwww.hoteleauvive.be%2Ffr%2Fnotre-restaurant%2F|title:Ontdek%20ons%20restaurant\u00a0\u00bb button2_link=\u00a0\u00bburl:%23|title:Reserveer%20een%20tafel\u00a0\u00bb]<\/p>\n<h2>Notre restaurant<\/h2>\n<p>Dans notre restaurant, vous d\u00e9gusterez de savoureux plats \u00e0 un prix abordable, \u00e0 base de produits locaux. Du copieux petit-d\u00e9jeuner au somptueux d\u00eener, nous servons des saveurs pures dans un cadre d\u00e9contract\u00e9, \u00e0 l\u2019int\u00e9rieur ou, par beau temps, sur notre terrasse au bord de l\u2019eau.[\/vc_column_text][vc_empty_space height=\u00a0\u00bb50px\u00a0\u00bb][vc_gallery type=\u00a0\u00bbimage_grid\u00a0\u00bb images=\u00a0\u00bb647,644,641,638,635,632,629,626,623,614,611,608,605,602&Prime; img_size=\u00a0\u00bblarge\u00a0\u00bb css=\u00a0\u00bb\u00a0\u00bb][vc_empty_space height=\u00a0\u00bb50px\u00a0\u00bb][\/vc_column][\/vc_row][vc_row full_width=\u00a0\u00bbstretch_row\u00a0\u00bb css=\u00a0\u00bb.vc_custom_1744443736801{background-color: #f5efe6 !important;}\u00a0\u00bb][vc_column][vc_empty_space][vc_column_text]<\/p>\n<h2>Explorez les environs<\/h2>\n<p>L\u2019Ardenne vous attend. Chaussez vos chaussures de marche ou enfourchez votre bicyclette et explorez plus de 200 itin\u00e9raires de randonn\u00e9e directement au d\u00e9part de l\u2019h\u00f4tel. Vous pouvez aussi opter pour une balade relaxante en kayak sur la Semois, la visite d\u2019un ch\u00e2teau \u00e0 la d\u00e9couverte de son histoire ou une d\u00e9gustation dans une brasserie locale.[\/vc_column_text]<div class=\"row row-eq-height row-activitylist\">\n            <div class=\"col-lg-3 col-md-6 col-project col-simple\" style=\"cursor:pointer;\" onclick=\"window.location.href='https:\/\/www.hoteleauvive.be\/fr\/omgeving\/city-break-charleville-mezieres\/'\">\n            <div class=\"col-news-inner\">\n                <img decoding=\"async\" src=\"https:\/\/www.hoteleauvive.be\/wp-content\/uploads\/2025\/05\/width1920height1280-500x550.webp\" \/>\n\n                <div class=\"content\">\n                    <h4>\n                        Escapade en ville                    <\/h4>\n                    <h2 class=\"h2\">Citytrip \u00e0 Charleville-M\u00e9zi\u00e8res<\/h2>\n                <\/div>\n            <\/div>\n        <\/div>\n            <div class=\"col-lg-3 col-md-6 col-project col-simple\" style=\"cursor:pointer;\" onclick=\"window.location.href='https:\/\/www.hoteleauvive.be\/fr\/omgeving\/visite-du-chateau-de-bouillon\/'\">\n            <div class=\"col-news-inner\">\n                <img decoding=\"async\" src=\"https:\/\/www.hoteleauvive.be\/wp-content\/uploads\/2025\/05\/1306-500x550.jpg\" \/>\n\n                <div class=\"content\">\n                    <h4>\n                        Ch\u00e2teau                    <\/h4>\n                    <h2 class=\"h2\">Visite du Ch\u00e2teau de Bouillon<\/h2>\n                <\/div>\n            <\/div>\n        <\/div>\n            <div class=\"col-lg-3 col-md-6 col-project col-simple\" style=\"cursor:pointer;\" onclick=\"window.location.href='https:\/\/www.hoteleauvive.be\/fr\/omgeving\/city-break-a-sedan\/'\">\n            <div class=\"col-news-inner\">\n                <img decoding=\"async\" src=\"https:\/\/www.hoteleauvive.be\/wp-content\/uploads\/2025\/05\/chateau-de-sedan-vue-aerienne-2-c-pierre-holley-640x430-1-500x430.jpg\" \/>\n\n                <div class=\"content\">\n                    <h4>\n                        Escapade en ville                    <\/h4>\n                    <h2 class=\"h2\">Excursion \u00e0 Sedan<\/h2>\n                <\/div>\n            <\/div>\n        <\/div>\n            <div class=\"col-lg-3 col-md-6 col-project col-simple\" style=\"cursor:pointer;\" onclick=\"window.location.href='https:\/\/www.hoteleauvive.be\/fr\/omgeving\/le-ranch-des-bisons\/'\">\n            <div class=\"col-news-inner\">\n                <img decoding=\"async\" src=\"https:\/\/www.hoteleauvive.be\/wp-content\/uploads\/2025\/04\/bizonranch-500x550.webp\" \/>\n\n                <div class=\"content\">\n                    <h4>\n                        animaux                    <\/h4>\n                    <h2 class=\"h2\">Ranch des Bisons<\/h2>\n                <\/div>\n            <\/div>\n        <\/div>\n     \n<\/div>\n\n[vc_column_text css=\u00a0\u00bb\u00a0\u00bb button_style=\u00a0\u00bbprimary\u00a0\u00bb button_link=\u00a0\u00bburl:https%3A%2F%2Fwww.hoteleauvive.be%2Ffr%2Fenvironnements%2F|title:Alle%20activiteiten\u00a0\u00bb][\/vc_column_text][\/vc_column][\/vc_row]<\/p>\n<\/div>","protected":false},"excerpt":{"rendered":"<p>[vc_row full_width=\u00a0\u00bbstretch_row_content\u00a0\u00bb css=\u00a0\u00bb.vc_custom_1744441457612{border-radius: 20px !important;}\u00a0\u00bb][vc_column css=\u00a0\u00bb.vc_custom_1744968360891{padding-top: 0px !important;padding-bottom: 0px !important;}\u00a0\u00bb][\/vc_column][\/vc_row][vc_row][vc_column width=\u00a0\u00bb1\/2&Prime;][vc_column_text] R\u00e9veillez-vous avec le murmure de la rivi\u00e8re et respirez l\u2019air pur de l\u2019Ardenne. [\/vc_column_text][\/vc_column][vc_column width=\u00a0\u00bb1\/2&Prime;][vc_column_text css=\u00a0\u00bb\u00a0\u00bb button_link=\u00a0\u00bburl:https%3A%2F%2Fwww.hoteleauvive.be%2Ffr%2Fnotre-restaurant%2F|title:Ons%20restaurant\u00a0\u00bb]Bienvenue \u00e0 l\u2019h\u00f4tel L\u2019Eau Vive, un confortable h\u00f4tel situ\u00e9 au c\u0153ur de l\u2019Ardenne belge, o\u00f9 vous pourrez vous d\u00e9tendre en pleine nature. Notre h\u00f4tel est nich\u00e9 dans la [&hellip;]<\/p>\n","protected":false},"author":1,"featured_media":0,"parent":0,"menu_order":0,"comment_status":"closed","ping_status":"open","template":"","meta":{"footnotes":""},"tags":[],"class_list":["post-925","page","type-page","status-publish","hentry"],"_links":{"self":[{"href":"https:\/\/www.hoteleauvive.be\/fr\/wp-json\/wp\/v2\/pages\/925","targetHints":{"allow":["GET"]}}],"collection":[{"href":"https:\/\/www.hoteleauvive.be\/fr\/wp-json\/wp\/v2\/pages"}],"about":[{"href":"https:\/\/www.hoteleauvive.be\/fr\/wp-json\/wp\/v2\/types\/page"}],"author":[{"embeddable":true,"href":"https:\/\/www.hoteleauvive.be\/fr\/wp-json\/wp\/v2\/users\/1"}],"replies":[{"embeddable":true,"href":"https:\/\/www.hoteleauvive.be\/fr\/wp-json\/wp\/v2\/comments?post=925"}],"version-history":[{"count":45,"href":"https:\/\/www.hoteleauvive.be\/fr\/wp-json\/wp\/v2\/pages\/925\/revisions"}],"predecessor-version":[{"id":1349,"href":"https:\/\/www.hoteleauvive.be\/fr\/wp-json\/wp\/v2\/pages\/925\/revisions\/1349"}],"wp:attachment":[{"href":"https:\/\/www.hoteleauvive.be\/fr\/wp-json\/wp\/v2\/media?parent=925"}],"wp:term":[{"taxonomy":"post_tag","embeddable":true,"href":"https:\/\/www.hoteleauvive.be\/fr\/wp-json\/wp\/v2\/tags?post=925"}],"curies":[{"name":"wp","href":"https:\/\/api.w.org\/{rel}","templated":true}]}}