{"id":914,"date":"2025-04-24T17:56:09","date_gmt":"2025-04-24T17:56:09","guid":{"rendered":"https:\/\/www.hoteleauvive.be\/petit-dejeuner\/"},"modified":"2025-06-03T15:42:42","modified_gmt":"2025-06-03T15:42:42","slug":"petit-dejeuner","status":"publish","type":"page","link":"https:\/\/www.hoteleauvive.be\/fr\/petit-dejeuner\/","title":{"rendered":"Petit-d\u00e9jeuner"},"content":{"rendered":"<div class=\"wpb-content-wrapper\"><p>[vc_row full_width=\u00a0\u00bbstretch_row_content\u00a0\u00bb][vc_column]<div class=\"main-banner main-banner-sub \">\n    <div class=\"slider-holder\">\n        <div class=\"slider\">\n            <div class=\"slide\" style=\"background-image:url(https:\/\/www.hoteleauvive.be\/wp-content\/uploads\/2025\/04\/hotel-l_eau-vive-1634-1600x1067.jpg)\"><\/div>        <\/div>\n \n        <div class=\"container\">\n            <div class=\"row\">\n                <div class=\"col-lg-8\">\n                    <div>\n                        <div class=\"d-flex\" style=\"flex-direction: column;\">\n                            <h4>Commencez la journ\u00e9e en beaut\u00e9 avec un buffet de produits de qualit\u00e9<\/h4>\n                            <h1>Petit-d\u00e9jeuner<\/h1>\n\n                                                    <\/div>\n                    <\/div>\n                <\/div>\n\n                 \n            <\/div>\n        <\/div>\n    <\/div>\n\n    <\/div>\n\n<style>\n.main-banner { height:462px; }\n.main-banner .container { padding-bottom: 180px; }\n.main-banner h1 {\n    font-size: 96px;\n    line-height: 70px;\n    margin-top: -20px;\n    margin-bottom: 20px;\n}\nbody.home .main-banner h1 {\n    margin-bottom: 40px;\n}\n.main-banner small { font-size:60px; }\n.main-banner :is(h1, h2, h3, h4, p) { color:#F5EFE6; font-weight: 400; }\n.main-banner h4 { font-weight:bold; font-family: 'Nunito Sans'; font-size:18px; }\n\n.slider-holder { display: flex; align-items: flex-end; position:relative; max-height:100%; height:100%; }\n\n.book-picker { flex-direction: column; background:#fff; padding: 26px 32px; display:flex; gap: 15px; border-radius: 20px; }\n.book-picker > div { width:100%; display:flex; justify-content:center; }\n\n.book-sells { display:flex; gap: 10px; color:#F5EFE6; margin-top:15px; }\n.book-sells i { margin-right:10px; margin-left: 20px; }\n\n.col-restaurant {\n    background:#fff;\n    margin-bottom:0px;\n    border-radius: 20px;\n    padding: 25px; \n    display: none; \n}\n.col-restaurant h2 { font-size:28px; font-weight: 300; }\n\n@media (min-width: 720px) {\n    .main-banner { height:562px; }\n}\n@media (min-width: 992px) {\n    .main-banner { height:862px; }\n    .book-picker { flex-direction: row; justify-content:center; }\n}\n@media (min-width: 992px) {\n    .col-restaurant {\n        max-width: 313px;\n        float:right;\n        display: block;\n    }\n}\n@media (max-width: 720px) {\n    .main-banner h4 { line-height:100%; margin-bottom: 0px; margin-top: 100px; }\n    .main-banner h1 { font-size:40px; margin-top: 20px; margin-bottom: 20px; line-height:100%; }\n    .main-banner h1 small { font-size:30px; }\n    .main-banner.main-banner-booker .container { transform:none; }\n}\n\n.book-picker-mobile {\n    display: none;\n}\n\n@media (max-width: 991px) {\n    .book-picker-desktop {\n        display: none;\n    }\n\n    .book-picker-mobile {\n        display: block;\n    }\n}\n\n\n.slider {\n overflow: hidden;\n width: 100%;\n height: 100%;\n position: absolute;\n top:0px;\n left:0px;\n bottom:0px;\n right: 0px;\n}\n.slider .slide {\n position: absolute;\n top: 0;\n left: 0;\n width: 100%;\n height: 100%;\n border-radius: 20px;\n overflow: hidden;\n background-size: cover;\n background-position: center;\n }\n.slider .slide:nth-child(1) {\n   animation-delay: 0s;\n}\n@keyframes slider {\n 0%, 95%, 100% {\n   transform: translateX(0);\n   animation-timing-function: ease;\n }\n 100% {\n   transform: translateX(-100%);\n   animation-timing-function: step-end;\n }\n 95% {\n   transform: translateX(100%);\n   animation-timing-function: ease;\n }\n}\n<\/style>[\/vc_column][\/vc_row][vc_row gap=\u00a0\u00bb35&Prime;][vc_column css=\u00a0\u00bb.vc_custom_1745506333207{margin-right: 40px !important;}\u00a0\u00bb][vc_empty_space height=\u00a0\u00bb35px\u00a0\u00bb][\/vc_column][\/vc_row][vc_row gap=\u00a0\u00bb35&Prime;][vc_column width=\u00a0\u00bb1\/2&Prime; css=\u00a0\u00bb.vc_custom_1745506583590{margin-right: 80px !important;}\u00a0\u00bb][vc_column_text css=\u00a0\u00bb\u00a0\u00bb button_style=\u00a0\u00bbprimary\u00a0\u00bb button_link=\u00a0\u00bburl:https%3A%2F%2Fbooking.roomraccoon.com%2Feau-vive%2Ffr%2F|title:Reserveren\u00a0\u00bb]<\/p>\n<p class=\"\" data-start=\"215\" data-end=\"464\">Un s\u00e9jour relaxant commence par un bon petit-d\u00e9jeuner. Nous proposons donc chaque matin un buffet petit-d\u00e9jeuner dans notre salle de petit-d\u00e9jeuner avec vue sur la verdure ou, par beau temps, sur la terrasse.<\/p>\n<p class=\"\" data-start=\"466\" data-end=\"775\">Le buffet offre un large choix de petits pains, croissants, charcuteries, fromages, c\u00e9r\u00e9ales, yaourts, fruits frais et garnitures sucr\u00e9es. Nous servons \u00e9galement diff\u00e9rentes sortes de caf\u00e9, de th\u00e9 et de jus de fruits. Dans la mesure du possible, nous travaillons avec des produits locaux et nous vous surprendrons avec quelques extras.<\/p>\n<p class=\"\" data-start=\"777\" data-end=\"1021\">Le petit-d\u00e9jeuner est servi de <strong data-start=\"810\" data-end=\"832\">8h \u00e0 10h<\/strong>. Il est toujours inclus dans le prix de la nuit\u00e9e. Les personnes qui ne passent pas la nuit \u00e0 l\u2019h\u00f4tel peuvent \u00e9galement se joindre \u00e0 nous pour le petit-d\u00e9jeuner sur demande. Contactez-nous pour en profiter.<\/p>\n<p class=\"\" data-start=\"1023\" data-end=\"1139\">Vous avez des souhaits alimentaires particuliers ou des allergies ? N\u2019h\u00e9sitez pas \u00e0 nous en faire part \u00e0 l\u2019avance et nous serons heureux d\u2019en tenir compte.<\/p>\n<p class=\"\" data-start=\"1141\" data-end=\"1245\"><em data-start=\"1141\" data-end=\"1245\" data-is-last-node=\"\">Commencez la journ\u00e9e en toute d\u00e9contraction et profitez du calme, de la nature et d\u2019un petit-d\u00e9jeuner servi \u00e0 l\u2019h\u00f4tel L\u2019Eau Vive.<\/em><\/p>\n<p>[\/vc_column_text][\/vc_column][vc_column width=\u00a0\u00bb1\/2&Prime;][vc_single_image image=\u00a0\u00bb827&Prime; img_size=\u00a0\u00bbfull\u00a0\u00bb css=\u00a0\u00bb\u00a0\u00bb][\/vc_column][\/vc_row][vc_row][vc_column][vc_empty_space][\/vc_column][\/vc_row][vc_section css=\u00a0\u00bb.vc_custom_1744980685363{background-color: rgba(47,79,79,0.05) !important;*background-color: rgb(47,79,79) !important;border-radius: 20px !important;}\u00a0\u00bb el_class=\u00a0\u00bbcontainer-chalets\u00a0\u00bb][vc_row][vc_column width=\u00a0\u00bb1\/2&Prime;][vc_column_text css=\u00a0\u00bb\u00a0\u00bb]<\/p>\n<h2>Chambres et chalets<\/h2>\n<p>\u00c0 l\u2019h\u00f4tel L\u2019Eau Vive, vous choisissez le s\u00e9jour qui vous convient. S\u00e9journez dans l\u2019une de nos confortables chambres d\u2019h\u00f4tel dans le b\u00e2timent principal ou vivez une exp\u00e9rience unique dans une ambiance ardennaise dans un chalet en bois au bord de la rivi\u00e8re. Tous nos h\u00e9bergements disposent de lits confortables, d\u2019une salle de bains individuelle et le petit-d\u00e9jeuner est inclus dans le prix.[\/vc_column_text][\/vc_column][vc_column width=\u00a0\u00bb1\/2&Prime;][vc_btn title=\u00a0\u00bbR\u00e9servez votre s\u00e9jour\u00a0\u00bb color=\u00a0\u00bbmulled-wine\u00a0\u00bb align=\u00a0\u00bbright\u00a0\u00bb css=\u00a0\u00bb\u00a0\u00bb link=\u00a0\u00bburl:https%3A%2F%2Fbooking.roomraccoon.com%2Feau-vive%2Ffr%2F%3FdateStart%3D%26dateEnd%3D\u00a0\u00bb][\/vc_column][\/vc_row][vc_row][vc_column]<div class=\"row row-eq-height row-projectlist\">\n    <div class=\"col-lg-3 col-md-6 col-project col-simple\" style=\"cursor:pointer\" onclick=\"window.location.href='https:\/\/www.hoteleauvive.be\/fr\/kamers\/chambre-confort\/'\">\n            <div class=\"col-news-inner\">\n                <div class=\"image\">\n                    <a href=\"https:\/\/www.hoteleauvive.be\/fr\/kamers\/chambre-confort\/\"><img decoding=\"async\" src=\"https:\/\/www.hoteleauvive.be\/wp-content\/uploads\/2025\/04\/hotel-l_eau-vive-print-21-500x550.webp\" title=\"Chambre Confort\" class=\"img-fluid\"><\/a>\n                <\/div>  \n                <div class=\"content\">\n\n                    <h2 class=\"h2\">Chambre Confort<\/h2>\n\n                    <div class=\"list\">\n                        <div><i class=\"fal fa-user\"><\/i> 1-2 personne(s)<\/div>\n                    <\/div>\n\n                <\/div>\n            <\/div>\n        <\/div><div class=\"col-lg-3 col-md-6 col-project col-simple\" style=\"cursor:pointer\" onclick=\"window.location.href='https:\/\/www.hoteleauvive.be\/fr\/kamers\/chambre-a-deux-lits\/'\">\n            <div class=\"col-news-inner\">\n                <div class=\"image\">\n                    <a href=\"https:\/\/www.hoteleauvive.be\/fr\/kamers\/chambre-a-deux-lits\/\"><img decoding=\"async\" src=\"https:\/\/www.hoteleauvive.be\/wp-content\/uploads\/2025\/04\/twin-500x550.webp\" title=\"Chambre Twin\" class=\"img-fluid\"><\/a>\n                <\/div>  \n                <div class=\"content\">\n\n                    <h2 class=\"h2\">Chambre Twin<\/h2>\n\n                    <div class=\"list\">\n                        <div><i class=\"fal fa-user\"><\/i> 1-2 personne(s)<\/div>\n                    <\/div>\n\n                <\/div>\n            <\/div>\n        <\/div><div class=\"col-lg-3 col-md-6 col-project col-simple\" style=\"cursor:pointer\" onclick=\"window.location.href='https:\/\/www.hoteleauvive.be\/fr\/kamers\/standard\/'\">\n            <div class=\"col-news-inner\">\n                <div class=\"image\">\n                    <a href=\"https:\/\/www.hoteleauvive.be\/fr\/kamers\/standard\/\"><img decoding=\"async\" src=\"https:\/\/www.hoteleauvive.be\/wp-content\/uploads\/2025\/04\/hotel-l_eau-vive-print-45-500x550.webp\" title=\"Chambre Standard\" class=\"img-fluid\"><\/a>\n                <\/div>  \n                <div class=\"content\">\n\n                    <h2 class=\"h2\">Chambre Standard<\/h2>\n\n                    <div class=\"list\">\n                        <div><i class=\"fal fa-user\"><\/i> 1-2 personne(s)<\/div>\n                    <\/div>\n\n                <\/div>\n            <\/div>\n        <\/div><div class=\"col-lg-3 col-md-6 col-project col-simple\" style=\"cursor:pointer\" onclick=\"window.location.href='https:\/\/www.hoteleauvive.be\/fr\/kamers\/chalets\/'\">\n            <div class=\"col-news-inner\">\n                <div class=\"image\">\n                    <a href=\"https:\/\/www.hoteleauvive.be\/fr\/kamers\/chalets\/\"><img decoding=\"async\" src=\"https:\/\/www.hoteleauvive.be\/wp-content\/uploads\/2025\/04\/hotel-l_eau-vive-print-10-2-500x550.png\" title=\"Chalet\" class=\"img-fluid\"><\/a>\n                <\/div>  \n                <div class=\"content\">\n\n                    <h2 class=\"h2\">Chalet<\/h2>\n\n                    <div class=\"list\">\n                        <div><i class=\"fal fa-user\"><\/i> 1-4 personne(s)<\/div>\n                    <\/div>\n\n                <\/div>\n            <\/div>\n        <\/div> \n<\/div>[\/vc_column][\/vc_row][\/vc_section][vc_row][vc_column][vc_empty_space][\/vc_column][\/vc_row]<\/p>\n<\/div>","protected":false},"excerpt":{"rendered":"<p>[vc_row full_width=\u00a0\u00bbstretch_row_content\u00a0\u00bb][vc_column][\/vc_column][\/vc_row][vc_row gap=\u00a0\u00bb35&Prime;][vc_column css=\u00a0\u00bb.vc_custom_1745506333207{margin-right: 40px !important;}\u00a0\u00bb][vc_empty_space height=\u00a0\u00bb35px\u00a0\u00bb][\/vc_column][\/vc_row][vc_row gap=\u00a0\u00bb35&Prime;][vc_column width=\u00a0\u00bb1\/2&Prime; css=\u00a0\u00bb.vc_custom_1745506583590{margin-right: 80px !important;}\u00a0\u00bb][vc_column_text css=\u00a0\u00bb\u00a0\u00bb button_style=\u00a0\u00bbprimary\u00a0\u00bb button_link=\u00a0\u00bburl:https%3A%2F%2Fbooking.roomraccoon.com%2Feau-vive%2Ffr%2F|title:Reserveren\u00a0\u00bb] Un s\u00e9jour relaxant commence par un bon petit-d\u00e9jeuner. Nous proposons donc chaque matin un buffet petit-d\u00e9jeuner dans notre salle de petit-d\u00e9jeuner avec vue sur la verdure ou, par beau temps, sur la terrasse. Le buffet offre un large choix de [&hellip;]<\/p>\n","protected":false},"author":1,"featured_media":0,"parent":0,"menu_order":0,"comment_status":"closed","ping_status":"closed","template":"","meta":{"footnotes":""},"tags":[],"class_list":["post-914","page","type-page","status-publish","hentry"],"_links":{"self":[{"href":"https:\/\/www.hoteleauvive.be\/fr\/wp-json\/wp\/v2\/pages\/914","targetHints":{"allow":["GET"]}}],"collection":[{"href":"https:\/\/www.hoteleauvive.be\/fr\/wp-json\/wp\/v2\/pages"}],"about":[{"href":"https:\/\/www.hoteleauvive.be\/fr\/wp-json\/wp\/v2\/types\/page"}],"author":[{"embeddable":true,"href":"https:\/\/www.hoteleauvive.be\/fr\/wp-json\/wp\/v2\/users\/1"}],"replies":[{"embeddable":true,"href":"https:\/\/www.hoteleauvive.be\/fr\/wp-json\/wp\/v2\/comments?post=914"}],"version-history":[{"count":10,"href":"https:\/\/www.hoteleauvive.be\/fr\/wp-json\/wp\/v2\/pages\/914\/revisions"}],"predecessor-version":[{"id":1347,"href":"https:\/\/www.hoteleauvive.be\/fr\/wp-json\/wp\/v2\/pages\/914\/revisions\/1347"}],"wp:attachment":[{"href":"https:\/\/www.hoteleauvive.be\/fr\/wp-json\/wp\/v2\/media?parent=914"}],"wp:term":[{"taxonomy":"post_tag","embeddable":true,"href":"https:\/\/www.hoteleauvive.be\/fr\/wp-json\/wp\/v2\/tags?post=914"}],"curies":[{"name":"wp","href":"https:\/\/api.w.org\/{rel}","templated":true}]}}