{"id":913,"date":"2025-04-24T19:36:04","date_gmt":"2025-04-24T19:36:04","guid":{"rendered":"https:\/\/www.hoteleauvive.be\/contact\/"},"modified":"2025-06-03T15:32:30","modified_gmt":"2025-06-03T15:32:30","slug":"contact","status":"publish","type":"page","link":"https:\/\/www.hoteleauvive.be\/fr\/contact\/","title":{"rendered":"Contact"},"content":{"rendered":"<div class=\"wpb-content-wrapper\"><p>[vc_row full_width=\u00a0\u00bbstretch_row_content\u00a0\u00bb][vc_column]<div class=\"main-banner main-banner-sub \">\n    <div class=\"slider-holder\">\n        <div class=\"slider\">\n            <div class=\"slide\" style=\"background-image:url(https:\/\/www.hoteleauvive.be\/wp-content\/uploads\/2025\/04\/contact-1600x666.webp)\"><\/div>        <\/div>\n \n        <div class=\"container\">\n            <div class=\"row\">\n                <div class=\"col-lg-8\">\n                    <div>\n                        <div class=\"d-flex\" style=\"flex-direction: column;\">\n                            <h4>Nous vous aidons dans vos d\u00e9marches<\/h4>\n                            <h1>Contact<\/h1>\n\n                                                    <\/div>\n                    <\/div>\n                <\/div>\n\n                 \n            <\/div>\n        <\/div>\n    <\/div>\n\n    <\/div>\n\n<style>\n.main-banner { height:462px; }\n.main-banner .container { padding-bottom: 180px; }\n.main-banner h1 {\n    font-size: 96px;\n    line-height: 70px;\n    margin-top: -20px;\n    margin-bottom: 20px;\n}\nbody.home .main-banner h1 {\n    margin-bottom: 40px;\n}\n.main-banner small { font-size:60px; }\n.main-banner :is(h1, h2, h3, h4, p) { color:#F5EFE6; font-weight: 400; }\n.main-banner h4 { font-weight:bold; font-family: 'Nunito Sans'; font-size:18px; }\n\n.slider-holder { display: flex; align-items: flex-end; position:relative; max-height:100%; height:100%; }\n\n.book-picker { flex-direction: column; background:#fff; padding: 26px 32px; display:flex; gap: 15px; border-radius: 20px; }\n.book-picker > div { width:100%; display:flex; justify-content:center; }\n\n.book-sells { display:flex; gap: 10px; color:#F5EFE6; margin-top:15px; }\n.book-sells i { margin-right:10px; margin-left: 20px; }\n\n.col-restaurant {\n    background:#fff;\n    margin-bottom:0px;\n    border-radius: 20px;\n    padding: 25px; \n    display: none; \n}\n.col-restaurant h2 { font-size:28px; font-weight: 300; }\n\n@media (min-width: 720px) {\n    .main-banner { height:562px; }\n}\n@media (min-width: 992px) {\n    .main-banner { height:862px; }\n    .book-picker { flex-direction: row; justify-content:center; }\n}\n@media (min-width: 992px) {\n    .col-restaurant {\n        max-width: 313px;\n        float:right;\n        display: block;\n    }\n}\n@media (max-width: 720px) {\n    .main-banner h4 { line-height:100%; margin-bottom: 0px; margin-top: 100px; }\n    .main-banner h1 { font-size:40px; margin-top: 20px; margin-bottom: 20px; line-height:100%; }\n    .main-banner h1 small { font-size:30px; }\n    .main-banner.main-banner-booker .container { transform:none; }\n}\n\n.book-picker-mobile {\n    display: none;\n}\n\n@media (max-width: 991px) {\n    .book-picker-desktop {\n        display: none;\n    }\n\n    .book-picker-mobile {\n        display: block;\n    }\n}\n\n\n.slider {\n overflow: hidden;\n width: 100%;\n height: 100%;\n position: absolute;\n top:0px;\n left:0px;\n bottom:0px;\n right: 0px;\n}\n.slider .slide {\n position: absolute;\n top: 0;\n left: 0;\n width: 100%;\n height: 100%;\n border-radius: 20px;\n overflow: hidden;\n background-size: cover;\n background-position: center;\n }\n.slider .slide:nth-child(1) {\n   animation-delay: 0s;\n}\n@keyframes slider {\n 0%, 95%, 100% {\n   transform: translateX(0);\n   animation-timing-function: ease;\n }\n 100% {\n   transform: translateX(-100%);\n   animation-timing-function: step-end;\n }\n 95% {\n   transform: translateX(100%);\n   animation-timing-function: ease;\n }\n}\n<\/style>[vc_empty_space height=\u00a0\u00bb35px\u00a0\u00bb][\/vc_column][\/vc_row][vc_row][vc_column width=\u00a0\u00bb1\/2&Prime;][vc_column_text css=\u00a0\u00bb\u00a0\u00bb]<\/p>\n<p class=\"\" data-start=\"170\" data-end=\"358\">Vous avez des questions sur votre s\u00e9jour, vous souhaitez faire une r\u00e9servation ou en savoir plus sur les options pour les groupes ou les forfaits ? N\u2019h\u00e9sitez pas \u00e0 nous contacter ; nous serons heureux d\u2019y r\u00e9fl\u00e9chir avec vous.<\/p>\n<p class=\"\" data-start=\"360\" data-end=\"562\">Vous pouvez nous joindre par t\u00e9l\u00e9phone, par e-mail ou en utilisant le formulaire de contact se trouvant sur cette page. Pour les r\u00e9servations de derni\u00e8re minute ou des questions sp\u00e9cifiques, nous vous recommandons de nous appeler afin que nous puissions vous aider imm\u00e9diatement.<\/p>\n<p>[\/vc_column_text][\/vc_column][\/vc_row][vc_section css=\u00a0\u00bb.vc_custom_1744388144295{padding-top: 40px !important;padding-right: 60px !important;padding-bottom: 40px !important;padding-left: 60px !important;background-color: rgba(47,79,79,0.05) !important;*background-color: rgb(47,79,79) !important;border-radius: 20px !important;}\u00a0\u00bb][vc_row][vc_column width=\u00a0\u00bb1\/2&Prime; css=\u00a0\u00bb.vc_custom_1745529310859{padding: 10px !important;border-radius: 10px !important;}\u00a0\u00bb][vc_column_text css=\u00a0\u00bb.vc_custom_1745529429282{margin-right: 50px !important;padding-top: 1px !important;padding-right: 20px !important;padding-bottom: 20px !important;padding-left: 20px !important;background-color: #FFFFFF !important;border-radius: 15px !important;}\u00a0\u00bb]<\/p>\n<h3 class=\"\" data-start=\"569\" data-end=\"587\"><strong data-start=\"576\" data-end=\"585\">Adresse<\/strong><\/h3>\n<p class=\"\" data-start=\"588\" data-end=\"660\">H\u00f4tel L&rsquo;Eau Vive<br data-start=\"604\" data-end=\"607\" \/>Rue de Petit-Fays 94<br data-start=\"627\" data-end=\"630\" \/>5550 Vresse-sur-Semois, Belgique<\/p>\n<p>[\/vc_column_text][vc_column_text css=\u00a0\u00bb.vc_custom_1748888453070{margin-right: 50px !important;padding-top: 1px !important;padding-right: 20px !important;padding-bottom: 20px !important;padding-left: 20px !important;background-color: #FFFFFF !important;border-radius: 15px !important;}\u00a0\u00bb]<\/p>\n<h3 class=\"\" data-start=\"667\" data-end=\"695\"><strong data-start=\"674\" data-end=\"693\">Coordonn\u00e9es<\/strong><\/h3>\n<p class=\"\" data-start=\"696\" data-end=\"758\">T\u00e9l\u00e9phone : <strong data-start=\"706\" data-end=\"728\">+32 (0)61 41 68 58<\/strong><br data-start=\"728\" data-end=\"731\" \/>E-mail : <strong data-start=\"739\" data-end=\"758\"><a class=\"cursor-pointer\" rel=\"noopener\" data-start=\"741\" data-end=\"756\">receptie@eauvive.be<\/a><\/strong><\/p>\n<p>[\/vc_column_text][vc_column_text css=\u00a0\u00bb.vc_custom_1745529533100{margin-right: 50px !important;padding-top: 1px !important;padding-right: 20px !important;padding-bottom: 20px !important;padding-left: 20px !important;background-color: #FFFFFF !important;border-radius: 15px !important;}\u00a0\u00bb]<\/p>\n<h3 class=\"\" data-start=\"953\" data-end=\"982\"><strong data-start=\"960\" data-end=\"980\">Itin\u00e9raire et parking<\/strong><\/h3>\n<p class=\"\" data-start=\"983\" data-end=\"1168\">L\u2019h\u00f4tel L\u2019Eau Vive est situ\u00e9 dans le sud de l\u2019Ardenne belge, pr\u00e8s de la fronti\u00e8re fran\u00e7aise. L\u2019h\u00f4tel est facilement accessible en voiture et offre un parking gratuit \u00e0 tous ses clients.<\/p>\n<p>[\/vc_column_text][vc_column_text css=\u00a0\u00bb.vc_custom_1745529501745{margin-right: 50px !important;padding-top: 1px !important;padding-right: 20px !important;padding-bottom: 20px !important;padding-left: 20px !important;background-color: #FFFFFF !important;border-radius: 15px !important;}\u00a0\u00bb]<\/p>\n<h3 class=\"\" data-start=\"765\" data-end=\"801\"><strong data-start=\"772\" data-end=\"799\">Heures d&rsquo;ouverture de la r\u00e9ception<\/strong><\/h3>\n<p class=\"\" data-start=\"802\" data-end=\"946\">Tous les jours de <strong data-start=\"827\" data-end=\"849\">8h \u00e0 20h.<\/strong><br data-start=\"850\" data-end=\"853\" \/>Pour toute question en dehors de ces horaires, n\u2019h\u00e9sitez pas \u00e0 nous envoyer un e-mail. Nous vous r\u00e9pondrons dans les plus brefs d\u00e9lais.<\/p>\n<p>[\/vc_column_text][\/vc_column][vc_column width=\u00a0\u00bb1\/2&Prime;][vc_column_text css=\u00a0\u00bb\u00a0\u00bb]<\/p>\n<h3 class=\"\" data-start=\"1309\" data-end=\"1338\"><strong data-start=\"1316\" data-end=\"1336\">Formulaire de contact<\/strong><\/h3>\n<p class=\"\" data-start=\"1339\" data-end=\"1468\">Pour toute question ou tout commentaire, remplissez le formulaire de contact. Nous vous r\u00e9pondrons dans les plus meilleurs d\u00e9lais.<\/p>\n<p>[\/vc_column_text]\n<div class=\"wpcf7 no-js\" id=\"wpcf7-f1027-o1\" lang=\"fr-FR\" dir=\"ltr\" data-wpcf7-id=\"1027\">\n<div class=\"screen-reader-response\"><p role=\"status\" aria-live=\"polite\" aria-atomic=\"true\"><\/p> <ul><\/ul><\/div>\n<form action=\"\/fr\/wp-json\/wp\/v2\/pages\/913#wpcf7-f1027-o1\" method=\"post\" class=\"wpcf7-form init\" aria-label=\"Contact form\" novalidate=\"novalidate\" data-status=\"init\">\n<fieldset class=\"hidden-fields-container\"><input type=\"hidden\" name=\"_wpcf7\" value=\"1027\" \/><input type=\"hidden\" name=\"_wpcf7_version\" value=\"6.1.5\" \/><input type=\"hidden\" name=\"_wpcf7_locale\" value=\"fr_FR\" \/><input type=\"hidden\" name=\"_wpcf7_unit_tag\" value=\"wpcf7-f1027-o1\" \/><input type=\"hidden\" name=\"_wpcf7_container_post\" value=\"0\" \/><input type=\"hidden\" name=\"_wpcf7_posted_data_hash\" value=\"\" \/><input type=\"hidden\" name=\"_wpcf7_recaptcha_response\" value=\"\" \/>\n<\/fieldset>\n<p><label> Votre nom<br \/>\n<span class=\"wpcf7-form-control-wrap\" data-name=\"your-name\"><input size=\"40\" maxlength=\"400\" class=\"wpcf7-form-control wpcf7-text wpcf7-validates-as-required\" autocomplete=\"name\" aria-required=\"true\" aria-invalid=\"false\" value=\"\" type=\"text\" name=\"your-name\" \/><\/span> <\/label>\n<\/p>\n<p><label> Votre adresse \u00e9lectronique<br \/>\n<span class=\"wpcf7-form-control-wrap\" data-name=\"your-email\"><input size=\"40\" maxlength=\"400\" class=\"wpcf7-form-control wpcf7-email wpcf7-validates-as-required wpcf7-text wpcf7-validates-as-email\" autocomplete=\"email\" aria-required=\"true\" aria-invalid=\"false\" value=\"\" type=\"email\" name=\"your-email\" \/><\/span> <\/label>\n<\/p>\n<p><label> Votre num\u00e9ro de t\u00e9l\u00e9phone<br \/>\n<span class=\"wpcf7-form-control-wrap\" data-name=\"your-tel\"><input size=\"40\" maxlength=\"400\" class=\"wpcf7-form-control wpcf7-tel wpcf7-text wpcf7-validates-as-tel\" autocomplete=\"tel\" aria-invalid=\"false\" value=\"\" type=\"tel\" name=\"your-tel\" \/><\/span> <\/label>\n<\/p>\n<p><label> Votre question ou commentaire<br \/>\n<span class=\"wpcf7-form-control-wrap\" data-name=\"your-message\"><textarea cols=\"40\" rows=\"10\" maxlength=\"2000\" class=\"wpcf7-form-control wpcf7-textarea\" aria-invalid=\"false\" name=\"your-message\"><\/textarea><\/span> <\/label>\n<\/p>\n<p><input class=\"wpcf7-form-control wpcf7-submit has-spinner vc_btn3 vc_btn3-color-mulled-wine vc_btn3-style-modern\" type=\"submit\" value=\"Envoyer\" \/>\n<\/p><input type='hidden' class='wpcf7-pum' value='{\"closepopup\":false,\"closedelay\":0,\"openpopup\":false,\"openpopup_id\":0}' \/><div class=\"wpcf7-response-output\" aria-hidden=\"true\"><\/div>\n<\/form>\n<\/div>\n[\/vc_column][\/vc_row][\/vc_section]<\/p>\n<\/div>","protected":false},"excerpt":{"rendered":"<p>[vc_row full_width=\u00a0\u00bbstretch_row_content\u00a0\u00bb][vc_column][vc_empty_space height=\u00a0\u00bb35px\u00a0\u00bb][\/vc_column][\/vc_row][vc_row][vc_column width=\u00a0\u00bb1\/2&Prime;][vc_column_text css=\u00a0\u00bb\u00a0\u00bb] Vous avez des questions sur votre s\u00e9jour, vous souhaitez faire une r\u00e9servation ou en savoir plus sur les options pour les groupes ou les forfaits ? N\u2019h\u00e9sitez pas \u00e0 nous contacter ; nous serons heureux d\u2019y r\u00e9fl\u00e9chir avec vous. Vous pouvez nous joindre par t\u00e9l\u00e9phone, par e-mail ou en utilisant [&hellip;]<\/p>\n","protected":false},"author":1,"featured_media":0,"parent":0,"menu_order":0,"comment_status":"closed","ping_status":"closed","template":"","meta":{"footnotes":""},"tags":[],"class_list":["post-913","page","type-page","status-publish","hentry"],"_links":{"self":[{"href":"https:\/\/www.hoteleauvive.be\/fr\/wp-json\/wp\/v2\/pages\/913","targetHints":{"allow":["GET"]}}],"collection":[{"href":"https:\/\/www.hoteleauvive.be\/fr\/wp-json\/wp\/v2\/pages"}],"about":[{"href":"https:\/\/www.hoteleauvive.be\/fr\/wp-json\/wp\/v2\/types\/page"}],"author":[{"embeddable":true,"href":"https:\/\/www.hoteleauvive.be\/fr\/wp-json\/wp\/v2\/users\/1"}],"replies":[{"embeddable":true,"href":"https:\/\/www.hoteleauvive.be\/fr\/wp-json\/wp\/v2\/comments?post=913"}],"version-history":[{"count":14,"href":"https:\/\/www.hoteleauvive.be\/fr\/wp-json\/wp\/v2\/pages\/913\/revisions"}],"predecessor-version":[{"id":1342,"href":"https:\/\/www.hoteleauvive.be\/fr\/wp-json\/wp\/v2\/pages\/913\/revisions\/1342"}],"wp:attachment":[{"href":"https:\/\/www.hoteleauvive.be\/fr\/wp-json\/wp\/v2\/media?parent=913"}],"wp:term":[{"taxonomy":"post_tag","embeddable":true,"href":"https:\/\/www.hoteleauvive.be\/fr\/wp-json\/wp\/v2\/tags?post=913"}],"curies":[{"name":"wp","href":"https:\/\/api.w.org\/{rel}","templated":true}]}}